{"id":6200,"date":"2019-03-14T08:32:11","date_gmt":"2019-03-14T07:32:11","guid":{"rendered":"https:\/\/www.wpdi.org\/about\/education-and-technology\/"},"modified":"2023-05-11T03:23:05","modified_gmt":"2023-05-11T01:23:05","slug":"education-et-technologie","status":"publish","type":"page","link":"https:\/\/www.wpdi.org\/fr\/a-propos\/education-et-technologie\/","title":{"rendered":"\u00c9DUCATION ET TECHNOLOGIE"},"content":{"rendered":"<h2 style=\"text-align: center;\"><strong>OUVRIR LES ESPRITS, \u00c9TABLIR UN LIEN ENTRE LES ACTEURS DU CHANGEMENT<\/strong><\/h2>\n<p><strong><img loading=\"lazy\" decoding=\"async\" class=\"aligncenter wp-image-1798 size-large\" src=\"https:\/\/www.wpdi.org\/app\/uploads\/wpdi-education-and-technology-750x500.jpg\" alt=\"wpdi-education-and-technology\" width=\"750\" height=\"500\" srcset=\"https:\/\/www.wpdi.org\/app\/uploads\/wpdi-education-and-technology-750x500.jpg 750w, https:\/\/www.wpdi.org\/app\/uploads\/wpdi-education-and-technology-768x512.jpg 768w, https:\/\/www.wpdi.org\/app\/uploads\/wpdi-education-and-technology-120x80.jpg 120w, https:\/\/www.wpdi.org\/app\/uploads\/wpdi-education-and-technology.jpg 2000w\" sizes=\"auto, (max-width: 750px) 100vw, 750px\" \/><\/strong><\/p>\n<p>&nbsp;<\/p>\n<p><strong>L\u2019\u00e9ducation est le grand facteur d\u2019\u00e9galisation.<\/strong><\/p>\n<p><span style=\"font-weight: 400;\">Dans les r\u00e9gions min\u00e9es par le conflit et la violence, l\u2019\u00e9ducation a le pouvoir d\u2019aider les habitants \u00e0 acqu\u00e9rir les comp\u00e9tences n\u00e9cessaires afin d\u2019aider leurs communaut\u00e9s \u00e0 atteindre la paix et la prosp\u00e9rit\u00e9. Notre philosophie rejoint celle de de Nelson Mandela qui d\u00e9clarait : <em>\u00ab\u00a0L\u2019\u00e9ducation est l\u2019arme la plus puissante qu\u2019on puisse utiliser pour changer le monde.\u00a0\u00bb<\/em><\/span><\/p>\n<p><span style=\"font-weight: 400;\">Un aspect primordial de notre mission est de permettre aux membres de la communaut\u00e9 dans son ensemble \u2014 avec un int\u00e9r\u00eat particulier port\u00e9 aux jeunes et aux femmes \u2014 d\u2019apprendre tout au long de leur vie et de devenir des acteurs du changement.\u00a0<\/span><\/p>\n<p><span style=\"font-weight: 400;\">Au 21\u00e8me si\u00e8cle, le niveau d\u2019instruction est \u00e9troitement li\u00e9 aux possibilit\u00e9s ouvertes par les technologies de l\u2019information et de la communication. <\/span><\/p>\n<p><img loading=\"lazy\" decoding=\"async\" class=\"aligncenter wp-image-1781 size-large\" src=\"https:\/\/www.wpdi.org\/app\/uploads\/DSC_0068-750x500.jpg\" alt=\"ICT-education-and-technology-2\" width=\"750\" height=\"500\" srcset=\"https:\/\/www.wpdi.org\/app\/uploads\/DSC_0068-750x500.jpg 750w, https:\/\/www.wpdi.org\/app\/uploads\/DSC_0068-768x512.jpg 768w, https:\/\/www.wpdi.org\/app\/uploads\/DSC_0068-120x80.jpg 120w, https:\/\/www.wpdi.org\/app\/uploads\/DSC_0068.jpg 2048w\" sizes=\"auto, (max-width: 750px) 100vw, 750px\" \/><\/p>\n<p><span style=\"font-weight: 400;\">La technologie moderne a r\u00e9volutionn\u00e9 nos capacit\u00e9s d\u2019interaction et notre acc\u00e8s \u00e0 l\u2019information. Elle nous a donn\u00e9 un niveau d\u2019acc\u00e8s in\u00e9dit \u00e0 la connaissance et aux ressources \u00e9ducatives.\u00a0<\/span><\/p>\n<p><span style=\"font-weight: 400;\">Mais les bienfaits de la technologie ne sont pas \u00e9galement r\u00e9partis \u00e0 travers le monde comme au sein des pays. D\u2019apr\u00e8s l\u2019Union internationale des t\u00e9l\u00e9communications (IUT), 90% de la population des pays d\u00e9velopp\u00e9s utilise internet. Dans les pays en d\u00e9veloppement, cette proportion chute \u00e0 57%. Dans les pays les moins avanc\u00e9s, elle ne repr\u00e9sente plus que 19%. Et ces taux sont encore plus bas dans les r\u00e9gions affect\u00e9es par les conflits et la violence qui sont celles o\u00f9 nous intervenons.\u00a0<\/span><\/p>\n<p><span style=\"font-weight: 400;\">Dans ces r\u00e9gions, WPDI s\u2019efforce d\u2019am\u00e9liorer l\u2019acc\u00e8s \u00e0 internet et aux ressources p\u00e9dagogiques qu\u2019il rec\u00e8le afin que les enfants, les jeunes et toute autre personne d\u00e9favoris\u00e9e puissent exploiter ces ressources \u00e9ducatives et ces outils de communication.<\/span><\/p>\n<p><span style=\"font-weight: 400;\">Gr\u00e2ce \u00e0 ces technologies, de nouveaux horizons s\u2019offrent aux membres de ces communaut\u00e9s. Des connaissances jusque-l\u00e0 inaccessibles viennent enrichir leur existence, donner forme \u00e0 leurs aspirations et renforcer leur capacit\u00e9 \u00e0 promouvoir la paix au sein de leurs communaut\u00e9s.<\/span><\/p>\n<p><span style=\"font-weight: 400;\">Par l\u2019interm\u00e9diaire des r\u00e9seaux sociaux et des plateformes num\u00e9riques d\u00e9velopp\u00e9es par WPDI, les enfants et les jeunes ont la possibilit\u00e9 de nouer des amiti\u00e9s nouvelles, d\u2019\u00e9changer des id\u00e9es et de cr\u00e9er des coalitions qui changeront peut-\u00eatre le monde.<\/span><\/p>\n<p><img loading=\"lazy\" decoding=\"async\" class=\"aligncenter wp-image-1780 size-large\" src=\"https:\/\/www.wpdi.org\/app\/uploads\/DSC0074-750x500.jpg\" alt=\"ICT-education-and-technology-3\" width=\"750\" height=\"500\" srcset=\"https:\/\/www.wpdi.org\/app\/uploads\/DSC0074-750x500.jpg 750w, https:\/\/www.wpdi.org\/app\/uploads\/DSC0074-768x512.jpg 768w, https:\/\/www.wpdi.org\/app\/uploads\/DSC0074-120x80.jpg 120w, https:\/\/www.wpdi.org\/app\/uploads\/DSC0074.jpg 2048w\" sizes=\"auto, (max-width: 750px) 100vw, 750px\" \/><\/p>\n<p>&nbsp;<\/p>\n<section class=\"other_blocs text-center container  with_filter blue\">\n\t\t\t\t\t\t\t\t\t\t\t\t<h2 class=\"rayure colored\">Discover more about WPDI<\/h2>\n\t\t\t\t\t\t\t\t\t\t\t\t\t\t\t\t<div class=\"row\"><div class=\"col-md-6\"><a href=\"https:\/\/www.wpdi.org\/fr\/programme\/domestic-harmonizer-program\/\" class=\"cover bordered_inner\" style=\"background-image:url('https:\/\/www.wpdi.org\/app\/uploads\/IMG_20181017_171452.jpg');\"><div>Domestic Harmonizer Program<br \/><span class=\"bordered\">Read more<\/span><\/div><\/a><\/div><\/div>\n\t\t\t\t\t\t\t\t\t\t\t\t\t\t\t<\/section>\n","protected":false},"excerpt":{"rendered":"OUVRIR LES ESPRITS, \u00c9TABLIR UN LIEN ENTRE LES ACTEURS DU CHANGEMENT &nbsp; L\u2019\u00e9ducation est le grand facteur d\u2019\u00e9galisation. Dans les r\u00e9gions min\u00e9es par le conflit et la violence, l\u2019\u00e9ducation a le pouvoir d\u2019aider les habitants \u00e0 acqu\u00e9rir les comp\u00e9tences n\u00e9cessaires afin d\u2019aider leurs communaut\u00e9s \u00e0 atteindre la paix et la prosp\u00e9rit\u00e9. Notre philosophie rejoint celle&#8230; <a class=\"view-article\" href=\"https:\/\/www.wpdi.org\/fr\/programme\/domestic-harmonizer-program\/\">View Article<\/a>","protected":false},"author":1,"featured_media":0,"parent":6199,"menu_order":0,"comment_status":"closed","ping_status":"closed","template":"","meta":{"_acf_changed":false,"footnotes":""},"class_list":["post-6200","page","type-page","status-publish","hentry"],"acf":[],"yoast_head":"<!-- This site is optimized with the Yoast SEO plugin v25.9 - https:\/\/yoast.com\/wordpress\/plugins\/seo\/ -->\n<title>Education and technology | Whitaker Peace and Development Initiative<\/title>\n<meta name=\"description\" content=\"Education &amp; technology: the Whitaker Peace &amp; Development Initiative (WPDI) is a non-governmental organization, founded by Forest Whitaker in 2012.\" \/>\n<meta name=\"robots\" content=\"index, follow, max-snippet:-1, max-image-preview:large, max-video-preview:-1\" \/>\n<link rel=\"canonical\" href=\"https:\/\/www.wpdi.org\/fr\/a-propos\/education-et-technologie\/\" \/>\n<meta property=\"og:locale\" content=\"fr_FR\" \/>\n<meta property=\"og:type\" content=\"article\" \/>\n<meta property=\"og:title\" content=\"Education and technology | Whitaker Peace and Development Initiative\" \/>\n<meta property=\"og:description\" content=\"Education &amp; technology: the Whitaker Peace &amp; Development Initiative (WPDI) is a non-governmental organization, founded by Forest Whitaker in 2012.\" \/>\n<meta property=\"og:url\" content=\"https:\/\/www.wpdi.org\/fr\/a-propos\/education-et-technologie\/\" \/>\n<meta property=\"og:site_name\" content=\"WPDI\" \/>\n<meta property=\"article:modified_time\" content=\"2023-05-11T01:23:05+00:00\" \/>\n<meta property=\"og:image\" content=\"https:\/\/www.wpdi.org\/app\/uploads\/wpdi-education-and-technology-750x500.jpg\" \/>\n<meta name=\"twitter:card\" content=\"summary_large_image\" \/>\n<meta name=\"twitter:label1\" content=\"Est. reading time\" \/>\n\t<meta name=\"twitter:data1\" content=\"2 minutes\" \/>\n<script type=\"application\/ld+json\" class=\"yoast-schema-graph\">{\"@context\":\"https:\/\/schema.org\",\"@graph\":[{\"@type\":\"WebPage\",\"@id\":\"https:\/\/www.wpdi.org\/fr\/a-propos\/education-et-technologie\/\",\"url\":\"https:\/\/www.wpdi.org\/fr\/a-propos\/education-et-technologie\/\",\"name\":\"Education and technology | Whitaker Peace and Development Initiative\",\"isPartOf\":{\"@id\":\"https:\/\/www.wpdi.org\/#website\"},\"primaryImageOfPage\":{\"@id\":\"https:\/\/www.wpdi.org\/fr\/a-propos\/education-et-technologie\/#primaryimage\"},\"image\":{\"@id\":\"https:\/\/www.wpdi.org\/fr\/a-propos\/education-et-technologie\/#primaryimage\"},\"thumbnailUrl\":\"https:\/\/www.wpdi.org\/app\/uploads\/wpdi-education-and-technology-750x500.jpg\",\"datePublished\":\"2019-03-14T07:32:11+00:00\",\"dateModified\":\"2023-05-11T01:23:05+00:00\",\"description\":\"Education & technology: the Whitaker Peace & Development Initiative (WPDI) is a non-governmental organization, founded by Forest Whitaker in 2012.\",\"breadcrumb\":{\"@id\":\"https:\/\/www.wpdi.org\/fr\/a-propos\/education-et-technologie\/#breadcrumb\"},\"inLanguage\":\"fr-FR\",\"potentialAction\":[{\"@type\":\"ReadAction\",\"target\":[\"https:\/\/www.wpdi.org\/fr\/a-propos\/education-et-technologie\/\"]}]},{\"@type\":\"ImageObject\",\"inLanguage\":\"fr-FR\",\"@id\":\"https:\/\/www.wpdi.org\/fr\/a-propos\/education-et-technologie\/#primaryimage\",\"url\":\"https:\/\/www.wpdi.org\/app\/uploads\/wpdi-education-and-technology-750x500.jpg\",\"contentUrl\":\"https:\/\/www.wpdi.org\/app\/uploads\/wpdi-education-and-technology-750x500.jpg\"},{\"@type\":\"BreadcrumbList\",\"@id\":\"https:\/\/www.wpdi.org\/fr\/a-propos\/education-et-technologie\/#breadcrumb\",\"itemListElement\":[{\"@type\":\"ListItem\",\"position\":1,\"name\":\"Accueil\",\"item\":\"https:\/\/www.wpdi.org\/fr\/\"},{\"@type\":\"ListItem\",\"position\":2,\"name\":\"\u00c0 propos\",\"item\":\"https:\/\/www.wpdi.org\/fr\/a-propos\/\"},{\"@type\":\"ListItem\",\"position\":3,\"name\":\"\u00c9DUCATION ET TECHNOLOGIE\"}]},{\"@type\":\"WebSite\",\"@id\":\"https:\/\/www.wpdi.org\/#website\",\"url\":\"https:\/\/www.wpdi.org\/\",\"name\":\"WPDI\",\"description\":\"\",\"potentialAction\":[{\"@type\":\"SearchAction\",\"target\":{\"@type\":\"EntryPoint\",\"urlTemplate\":\"https:\/\/www.wpdi.org\/?s={search_term_string}\"},\"query-input\":{\"@type\":\"PropertyValueSpecification\",\"valueRequired\":true,\"valueName\":\"search_term_string\"}}],\"inLanguage\":\"fr-FR\"}]}<\/script>\n<!-- \/ Yoast SEO plugin. -->","yoast_head_json":{"title":"Education and technology | Whitaker Peace and Development Initiative","description":"Education & technology: the Whitaker Peace & Development Initiative (WPDI) is a non-governmental organization, founded by Forest Whitaker in 2012.","robots":{"index":"index","follow":"follow","max-snippet":"max-snippet:-1","max-image-preview":"max-image-preview:large","max-video-preview":"max-video-preview:-1"},"canonical":"https:\/\/www.wpdi.org\/fr\/a-propos\/education-et-technologie\/","og_locale":"fr_FR","og_type":"article","og_title":"Education and technology | Whitaker Peace and Development Initiative","og_description":"Education & technology: the Whitaker Peace & Development Initiative (WPDI) is a non-governmental organization, founded by Forest Whitaker in 2012.","og_url":"https:\/\/www.wpdi.org\/fr\/a-propos\/education-et-technologie\/","og_site_name":"WPDI","article_modified_time":"2023-05-11T01:23:05+00:00","og_image":[{"url":"https:\/\/www.wpdi.org\/app\/uploads\/wpdi-education-and-technology-750x500.jpg","type":"","width":"","height":""}],"twitter_card":"summary_large_image","twitter_misc":{"Est. reading time":"2 minutes"},"schema":{"@context":"https:\/\/schema.org","@graph":[{"@type":"WebPage","@id":"https:\/\/www.wpdi.org\/fr\/a-propos\/education-et-technologie\/","url":"https:\/\/www.wpdi.org\/fr\/a-propos\/education-et-technologie\/","name":"Education and technology | Whitaker Peace and Development Initiative","isPartOf":{"@id":"https:\/\/www.wpdi.org\/#website"},"primaryImageOfPage":{"@id":"https:\/\/www.wpdi.org\/fr\/a-propos\/education-et-technologie\/#primaryimage"},"image":{"@id":"https:\/\/www.wpdi.org\/fr\/a-propos\/education-et-technologie\/#primaryimage"},"thumbnailUrl":"https:\/\/www.wpdi.org\/app\/uploads\/wpdi-education-and-technology-750x500.jpg","datePublished":"2019-03-14T07:32:11+00:00","dateModified":"2023-05-11T01:23:05+00:00","description":"Education & technology: the Whitaker Peace & Development Initiative (WPDI) is a non-governmental organization, founded by Forest Whitaker in 2012.","breadcrumb":{"@id":"https:\/\/www.wpdi.org\/fr\/a-propos\/education-et-technologie\/#breadcrumb"},"inLanguage":"fr-FR","potentialAction":[{"@type":"ReadAction","target":["https:\/\/www.wpdi.org\/fr\/a-propos\/education-et-technologie\/"]}]},{"@type":"ImageObject","inLanguage":"fr-FR","@id":"https:\/\/www.wpdi.org\/fr\/a-propos\/education-et-technologie\/#primaryimage","url":"https:\/\/www.wpdi.org\/app\/uploads\/wpdi-education-and-technology-750x500.jpg","contentUrl":"https:\/\/www.wpdi.org\/app\/uploads\/wpdi-education-and-technology-750x500.jpg"},{"@type":"BreadcrumbList","@id":"https:\/\/www.wpdi.org\/fr\/a-propos\/education-et-technologie\/#breadcrumb","itemListElement":[{"@type":"ListItem","position":1,"name":"Accueil","item":"https:\/\/www.wpdi.org\/fr\/"},{"@type":"ListItem","position":2,"name":"\u00c0 propos","item":"https:\/\/www.wpdi.org\/fr\/a-propos\/"},{"@type":"ListItem","position":3,"name":"\u00c9DUCATION ET TECHNOLOGIE"}]},{"@type":"WebSite","@id":"https:\/\/www.wpdi.org\/#website","url":"https:\/\/www.wpdi.org\/","name":"WPDI","description":"","potentialAction":[{"@type":"SearchAction","target":{"@type":"EntryPoint","urlTemplate":"https:\/\/www.wpdi.org\/?s={search_term_string}"},"query-input":{"@type":"PropertyValueSpecification","valueRequired":true,"valueName":"search_term_string"}}],"inLanguage":"fr-FR"}]}},"_links":{"self":[{"href":"https:\/\/www.wpdi.org\/fr\/wp-json\/wp\/v2\/pages\/6200","targetHints":{"allow":["GET"]}}],"collection":[{"href":"https:\/\/www.wpdi.org\/fr\/wp-json\/wp\/v2\/pages"}],"about":[{"href":"https:\/\/www.wpdi.org\/fr\/wp-json\/wp\/v2\/types\/page"}],"author":[{"embeddable":true,"href":"https:\/\/www.wpdi.org\/fr\/wp-json\/wp\/v2\/users\/1"}],"replies":[{"embeddable":true,"href":"https:\/\/www.wpdi.org\/fr\/wp-json\/wp\/v2\/comments?post=6200"}],"version-history":[{"count":4,"href":"https:\/\/www.wpdi.org\/fr\/wp-json\/wp\/v2\/pages\/6200\/revisions"}],"predecessor-version":[{"id":7745,"href":"https:\/\/www.wpdi.org\/fr\/wp-json\/wp\/v2\/pages\/6200\/revisions\/7745"}],"up":[{"embeddable":true,"href":"https:\/\/www.wpdi.org\/fr\/wp-json\/wp\/v2\/pages\/6199"}],"wp:attachment":[{"href":"https:\/\/www.wpdi.org\/fr\/wp-json\/wp\/v2\/media?parent=6200"}],"curies":[{"name":"wp","href":"https:\/\/api.w.org\/{rel}","templated":true}]}}