{"id":6202,"date":"2019-02-20T09:54:02","date_gmt":"2019-02-20T08:54:02","guid":{"rendered":"https:\/\/www.wpdi.org\/about\/our-vision\/"},"modified":"2023-05-11T03:12:44","modified_gmt":"2023-05-11T01:12:44","slug":"our-vision","status":"publish","type":"page","link":"https:\/\/www.wpdi.org\/fr\/a-propos\/our-vision\/","title":{"rendered":"NOTRE VISION"},"content":{"rendered":"<p><span style=\"font-weight: 400;\">Dans des r\u00e9gions du monde marqu\u00e9es par les conflits, la violence arm\u00e9e et l&rsquo;exclusion, nous mobilisons des jeunes et des femmes afin de leur <\/span><b>donner les moyens d\u2019endosser les r\u00f4les de m\u00e9diateurs de paix, entrepreneurs et acteurs de leur communaut\u00e9<\/b><span style=\"font-weight: 400;\">. Ils sont nos partenaires de terrain dans notre qu\u00eate de paix et de d\u00e9veloppement durable.<\/span><\/p>\n<p><span style=\"font-weight: 400;\">La philosophie qui guide notre mission part du principe que les humains sont plus \u00e0 m\u00eame d\u2019initier des changements transformateurs lorsqu\u2019ils <\/span><b>travaillent ensemble.<\/b><\/p>\n<p><img loading=\"lazy\" decoding=\"async\" class=\"alignnone wp-image-1794 size-full\" src=\"http:\/\/www.wpdi.org\/app\/uploads\/wpdi-vision.jpg\" alt=\"wpdi-our-vision\" width=\"2000\" height=\"1333\" srcset=\"https:\/\/www.wpdi.org\/app\/uploads\/wpdi-vision.jpg 2000w, https:\/\/www.wpdi.org\/app\/uploads\/wpdi-vision-768x512.jpg 768w, https:\/\/www.wpdi.org\/app\/uploads\/wpdi-vision-750x500.jpg 750w, https:\/\/www.wpdi.org\/app\/uploads\/wpdi-vision-120x80.jpg 120w\" sizes=\"auto, (max-width: 2000px) 100vw, 2000px\" \/><\/p>\n<p><span style=\"font-weight: 400;\">Les programmes de WPDI ax\u00e9s sur la consolidation de la paix, la sensibilisation et l\u2019\u00e9ducation b\u00e9n\u00e9ficient \u00e0 des centaines de milliers de personnes dans le monde. Plus pr\u00e9cis\u00e9ment, nos objectifs sont les suivants :<\/span><\/p>\n<h3><strong>Valoriser les jeunes\u00a0<\/strong><\/h3>\n<p><span style=\"font-weight: 400;\">Soutenir une nouvelle g\u00e9n\u00e9ration de jeunes leaders vou\u00e9s au service de la communaut\u00e9 en les formant dans les domaines de la r\u00e9conciliation, de la m\u00e9diation des conflits, de l\u2019entrepreneuriat et des technologies de l\u2019information et de la communication (TIC).\u00a0<\/span><\/p>\n<h3><strong>Renforcer les communaut\u00e9s<\/strong><\/h3>\n<p><span style=\"font-weight: 400;\">Promouvoir l\u2019innovation sociale et le d\u00e9veloppement de petites entreprises dirig\u00e9es par des jeunes et des femmes et bien d\u2019autres projets qui contribueront au d\u00e9veloppement durable des communaut\u00e9s et les aideront \u00e0 relever les d\u00e9fis qu\u2019elles rencontrent.<\/span><\/p>\n<h3><strong>Promouvoir l\u2019\u00e9ducation et la connectivit\u00e9\u00a0<\/strong><\/h3>\n<p><span style=\"font-weight: 400;\">Construire des centres d\u00e9di\u00e9s \u00e0 la formation, \u00e0 la connectivit\u00e9 et \u00e0 l\u2019engagement communautaire gr\u00e2ce \u00e0 notre r\u00e9seau de Centres de formation communautaires au sein desquels les apprenants ont acc\u00e8s aux connaissances et \u00e0 internet.\u00a0<\/span><\/p>\n<h3><strong>Diffuser une culture de la paix\u00a0<\/strong><\/h3>\n<p><span style=\"font-weight: 400;\">Propager les valeurs de paix, de dialogue, de tol\u00e9rance et d\u2019inclusion \u2014 et sensibiliser aux injustices mondiales \u2014 dans le monde entier.\u00a0<\/span><\/p>\n<p><span style=\"font-weight: 400;\">Ce faisant, nous aspirons \u00e0 aider les communaut\u00e9s touch\u00e9es par les conflits, la violence et l\u2019exclusion \u00e0 devenir plus r\u00e9silientes, pacifiques et prosp\u00e8res. <\/span><\/p>\n<p style=\"text-align: center;\"><a class=\"colored bordered\" href=\"http:\/\/www.wpdi.org\/about\/wpdi-in-action\/\" target=\"_blank\" rel=\"noopener noreferrer\">NOTRE ACTION EN CHIFFRES<\/a><\/p>\n<p>&nbsp;<\/p>\n","protected":false},"excerpt":{"rendered":"Dans des r\u00e9gions du monde marqu\u00e9es par les conflits, la violence arm\u00e9e et l&rsquo;exclusion, nous mobilisons des jeunes et des femmes afin de leur donner les moyens d\u2019endosser les r\u00f4les de m\u00e9diateurs de paix, entrepreneurs et acteurs de leur communaut\u00e9. Ils sont nos partenaires de terrain dans notre qu\u00eate de paix et de d\u00e9veloppement durable&#8230;. <a class=\"view-article\" href=\"https:\/\/www.wpdi.org\/fr\/a-propos\/our-vision\/\">View Article<\/a>","protected":false},"author":1,"featured_media":0,"parent":6199,"menu_order":0,"comment_status":"closed","ping_status":"closed","template":"","meta":{"_acf_changed":false,"footnotes":""},"class_list":["post-6202","page","type-page","status-publish","hentry"],"acf":[],"yoast_head":"<!-- This site is optimized with the Yoast SEO plugin v25.9 - https:\/\/yoast.com\/wordpress\/plugins\/seo\/ -->\n<title>Our Vision | Whitaker Peace and Development Initiative<\/title>\n<meta name=\"description\" content=\"Our vision: the Whitaker Peace &amp; Development Initiative (WPDI) is a non-governmental organization, founded by Forest Whitaker in 2012.\" \/>\n<meta name=\"robots\" content=\"index, follow, max-snippet:-1, max-image-preview:large, max-video-preview:-1\" \/>\n<link rel=\"canonical\" href=\"https:\/\/www.wpdi.org\/fr\/a-propos\/our-vision\/\" \/>\n<meta property=\"og:locale\" content=\"fr_FR\" \/>\n<meta property=\"og:type\" content=\"article\" \/>\n<meta property=\"og:title\" content=\"Our Vision | Whitaker Peace and Development Initiative\" \/>\n<meta property=\"og:description\" content=\"Our vision: the Whitaker Peace &amp; Development Initiative (WPDI) is a non-governmental organization, founded by Forest Whitaker in 2012.\" \/>\n<meta property=\"og:url\" content=\"https:\/\/www.wpdi.org\/fr\/a-propos\/our-vision\/\" \/>\n<meta property=\"og:site_name\" content=\"WPDI\" \/>\n<meta property=\"article:modified_time\" content=\"2023-05-11T01:12:44+00:00\" \/>\n<meta property=\"og:image\" content=\"http:\/\/www.wpdi.org\/app\/uploads\/wpdi-vision.jpg\" \/>\n<meta name=\"twitter:card\" content=\"summary_large_image\" \/>\n<meta name=\"twitter:label1\" content=\"Est. reading time\" \/>\n\t<meta name=\"twitter:data1\" content=\"2 minutes\" \/>\n<script type=\"application\/ld+json\" class=\"yoast-schema-graph\">{\"@context\":\"https:\/\/schema.org\",\"@graph\":[{\"@type\":\"WebPage\",\"@id\":\"https:\/\/www.wpdi.org\/fr\/a-propos\/our-vision\/\",\"url\":\"https:\/\/www.wpdi.org\/fr\/a-propos\/our-vision\/\",\"name\":\"Our Vision | Whitaker Peace and Development Initiative\",\"isPartOf\":{\"@id\":\"https:\/\/www.wpdi.org\/#website\"},\"primaryImageOfPage\":{\"@id\":\"https:\/\/www.wpdi.org\/fr\/a-propos\/our-vision\/#primaryimage\"},\"image\":{\"@id\":\"https:\/\/www.wpdi.org\/fr\/a-propos\/our-vision\/#primaryimage\"},\"thumbnailUrl\":\"http:\/\/www.wpdi.org\/app\/uploads\/wpdi-vision.jpg\",\"datePublished\":\"2019-02-20T08:54:02+00:00\",\"dateModified\":\"2023-05-11T01:12:44+00:00\",\"description\":\"Our vision: the Whitaker Peace & Development Initiative (WPDI) is a non-governmental organization, founded by Forest Whitaker in 2012.\",\"breadcrumb\":{\"@id\":\"https:\/\/www.wpdi.org\/fr\/a-propos\/our-vision\/#breadcrumb\"},\"inLanguage\":\"fr-FR\",\"potentialAction\":[{\"@type\":\"ReadAction\",\"target\":[\"https:\/\/www.wpdi.org\/fr\/a-propos\/our-vision\/\"]}]},{\"@type\":\"ImageObject\",\"inLanguage\":\"fr-FR\",\"@id\":\"https:\/\/www.wpdi.org\/fr\/a-propos\/our-vision\/#primaryimage\",\"url\":\"http:\/\/www.wpdi.org\/app\/uploads\/wpdi-vision.jpg\",\"contentUrl\":\"http:\/\/www.wpdi.org\/app\/uploads\/wpdi-vision.jpg\"},{\"@type\":\"BreadcrumbList\",\"@id\":\"https:\/\/www.wpdi.org\/fr\/a-propos\/our-vision\/#breadcrumb\",\"itemListElement\":[{\"@type\":\"ListItem\",\"position\":1,\"name\":\"Accueil\",\"item\":\"https:\/\/www.wpdi.org\/fr\/\"},{\"@type\":\"ListItem\",\"position\":2,\"name\":\"\u00c0 propos\",\"item\":\"https:\/\/www.wpdi.org\/fr\/a-propos\/\"},{\"@type\":\"ListItem\",\"position\":3,\"name\":\"NOTRE VISION\"}]},{\"@type\":\"WebSite\",\"@id\":\"https:\/\/www.wpdi.org\/#website\",\"url\":\"https:\/\/www.wpdi.org\/\",\"name\":\"WPDI\",\"description\":\"\",\"potentialAction\":[{\"@type\":\"SearchAction\",\"target\":{\"@type\":\"EntryPoint\",\"urlTemplate\":\"https:\/\/www.wpdi.org\/?s={search_term_string}\"},\"query-input\":{\"@type\":\"PropertyValueSpecification\",\"valueRequired\":true,\"valueName\":\"search_term_string\"}}],\"inLanguage\":\"fr-FR\"}]}<\/script>\n<!-- \/ Yoast SEO plugin. -->","yoast_head_json":{"title":"Our Vision | Whitaker Peace and Development Initiative","description":"Our vision: the Whitaker Peace & Development Initiative (WPDI) is a non-governmental organization, founded by Forest Whitaker in 2012.","robots":{"index":"index","follow":"follow","max-snippet":"max-snippet:-1","max-image-preview":"max-image-preview:large","max-video-preview":"max-video-preview:-1"},"canonical":"https:\/\/www.wpdi.org\/fr\/a-propos\/our-vision\/","og_locale":"fr_FR","og_type":"article","og_title":"Our Vision | Whitaker Peace and Development Initiative","og_description":"Our vision: the Whitaker Peace & Development Initiative (WPDI) is a non-governmental organization, founded by Forest Whitaker in 2012.","og_url":"https:\/\/www.wpdi.org\/fr\/a-propos\/our-vision\/","og_site_name":"WPDI","article_modified_time":"2023-05-11T01:12:44+00:00","og_image":[{"url":"http:\/\/www.wpdi.org\/app\/uploads\/wpdi-vision.jpg","type":"","width":"","height":""}],"twitter_card":"summary_large_image","twitter_misc":{"Est. reading time":"2 minutes"},"schema":{"@context":"https:\/\/schema.org","@graph":[{"@type":"WebPage","@id":"https:\/\/www.wpdi.org\/fr\/a-propos\/our-vision\/","url":"https:\/\/www.wpdi.org\/fr\/a-propos\/our-vision\/","name":"Our Vision | Whitaker Peace and Development Initiative","isPartOf":{"@id":"https:\/\/www.wpdi.org\/#website"},"primaryImageOfPage":{"@id":"https:\/\/www.wpdi.org\/fr\/a-propos\/our-vision\/#primaryimage"},"image":{"@id":"https:\/\/www.wpdi.org\/fr\/a-propos\/our-vision\/#primaryimage"},"thumbnailUrl":"http:\/\/www.wpdi.org\/app\/uploads\/wpdi-vision.jpg","datePublished":"2019-02-20T08:54:02+00:00","dateModified":"2023-05-11T01:12:44+00:00","description":"Our vision: the Whitaker Peace & Development Initiative (WPDI) is a non-governmental organization, founded by Forest Whitaker in 2012.","breadcrumb":{"@id":"https:\/\/www.wpdi.org\/fr\/a-propos\/our-vision\/#breadcrumb"},"inLanguage":"fr-FR","potentialAction":[{"@type":"ReadAction","target":["https:\/\/www.wpdi.org\/fr\/a-propos\/our-vision\/"]}]},{"@type":"ImageObject","inLanguage":"fr-FR","@id":"https:\/\/www.wpdi.org\/fr\/a-propos\/our-vision\/#primaryimage","url":"http:\/\/www.wpdi.org\/app\/uploads\/wpdi-vision.jpg","contentUrl":"http:\/\/www.wpdi.org\/app\/uploads\/wpdi-vision.jpg"},{"@type":"BreadcrumbList","@id":"https:\/\/www.wpdi.org\/fr\/a-propos\/our-vision\/#breadcrumb","itemListElement":[{"@type":"ListItem","position":1,"name":"Accueil","item":"https:\/\/www.wpdi.org\/fr\/"},{"@type":"ListItem","position":2,"name":"\u00c0 propos","item":"https:\/\/www.wpdi.org\/fr\/a-propos\/"},{"@type":"ListItem","position":3,"name":"NOTRE VISION"}]},{"@type":"WebSite","@id":"https:\/\/www.wpdi.org\/#website","url":"https:\/\/www.wpdi.org\/","name":"WPDI","description":"","potentialAction":[{"@type":"SearchAction","target":{"@type":"EntryPoint","urlTemplate":"https:\/\/www.wpdi.org\/?s={search_term_string}"},"query-input":{"@type":"PropertyValueSpecification","valueRequired":true,"valueName":"search_term_string"}}],"inLanguage":"fr-FR"}]}},"_links":{"self":[{"href":"https:\/\/www.wpdi.org\/fr\/wp-json\/wp\/v2\/pages\/6202","targetHints":{"allow":["GET"]}}],"collection":[{"href":"https:\/\/www.wpdi.org\/fr\/wp-json\/wp\/v2\/pages"}],"about":[{"href":"https:\/\/www.wpdi.org\/fr\/wp-json\/wp\/v2\/types\/page"}],"author":[{"embeddable":true,"href":"https:\/\/www.wpdi.org\/fr\/wp-json\/wp\/v2\/users\/1"}],"replies":[{"embeddable":true,"href":"https:\/\/www.wpdi.org\/fr\/wp-json\/wp\/v2\/comments?post=6202"}],"version-history":[{"count":2,"href":"https:\/\/www.wpdi.org\/fr\/wp-json\/wp\/v2\/pages\/6202\/revisions"}],"predecessor-version":[{"id":7744,"href":"https:\/\/www.wpdi.org\/fr\/wp-json\/wp\/v2\/pages\/6202\/revisions\/7744"}],"up":[{"embeddable":true,"href":"https:\/\/www.wpdi.org\/fr\/wp-json\/wp\/v2\/pages\/6199"}],"wp:attachment":[{"href":"https:\/\/www.wpdi.org\/fr\/wp-json\/wp\/v2\/media?parent=6202"}],"curies":[{"name":"wp","href":"https:\/\/api.w.org\/{rel}","templated":true}]}}