{"id":6203,"date":"2019-03-14T08:33:58","date_gmt":"2019-03-14T07:33:58","guid":{"rendered":"https:\/\/www.wpdi.org\/about\/sustainable-development-goals\/"},"modified":"2023-05-11T03:23:28","modified_gmt":"2023-05-11T01:23:28","slug":"odd","status":"publish","type":"page","link":"https:\/\/www.wpdi.org\/fr\/a-propos\/odd\/","title":{"rendered":"LES OBJECTIFS DE D\u00c9VELOPPEMENT DURABLE"},"content":{"rendered":"<h2 style=\"text-align: center;\"><strong>LE SOUTIEN DE WPDI \u00c0 LA R\u00c9ALISATION DES OBJECTIFS DE D\u00c9VELOPPEMENT DURABLE\u00a0<\/strong><\/h2>\n<p><span style=\"font-weight: 400;\">En 2015, les leaders du monde se sont r\u00e9unis et ont affirm\u00e9 leur attachement commun \u00e0 la r\u00e9alisation de 17 Objectifs de d\u00e9veloppement durable (ODD), qui n\u00e9cessite de prendre des mesures ambitieuses sur une \u00e9chelle mondiale allant de l\u2019\u00e9radication de la pauvret\u00e9 \u00e0 la promotion d\u2019une \u00e9ducation universelle en passant par la lutte contre le r\u00e9chauffement climatique et l\u2019\u00e9dification de soci\u00e9t\u00e9s plus pacifiques et plus inclusives. La r\u00e9alisation des ODD n\u00e9cessitera non seulement la collaboration de gouvernements \u00e0 travers le monde, mais aussi, et peut-\u00eatre surtout, la participation de la soci\u00e9t\u00e9 civile et des citoyens ordinaires. <\/span><\/p>\n<p><img loading=\"lazy\" decoding=\"async\" class=\"aligncenter wp-image-1897 size-large\" src=\"http:\/\/www.wpdi.org\/app\/uploads\/Photo-09-02-2017-12-43-31-1-750x563.jpg\" alt=\"sustainable-development-goals-1\" width=\"750\" height=\"563\" srcset=\"https:\/\/www.wpdi.org\/app\/uploads\/Photo-09-02-2017-12-43-31-1-750x563.jpg 750w, https:\/\/www.wpdi.org\/app\/uploads\/Photo-09-02-2017-12-43-31-1-768x576.jpg 768w, https:\/\/www.wpdi.org\/app\/uploads\/Photo-09-02-2017-12-43-31-1-120x90.jpg 120w, https:\/\/www.wpdi.org\/app\/uploads\/Photo-09-02-2017-12-43-31-1.jpg 2000w\" sizes=\"auto, (max-width: 750px) 100vw, 750px\" \/><\/p>\n<p><span style=\"font-weight: 400;\">Le fondateur et Pr\u00e9sident de WPDI, Forest Whitaker, est membre du groupe des d\u00e9fenseurs des ODD du Secr\u00e9taire g\u00e9n\u00e9ral de l\u2019ONU. Ce groupe s\u2019efforce de sensibiliser le monde entier \u00e0 l\u2019importance de ces objectifs et de promouvoir l\u2019esprit de coop\u00e9ration qui leur a donn\u00e9 naissance. Gr\u00e2ce aux programmes qu\u2019elle a mis en place sur le terrain, WPDI aspire \u00e0 contribuer de mani\u00e8re significative \u00e0 une grande partie des ODD. <\/span><\/p>\n","protected":false},"excerpt":{"rendered":"LE SOUTIEN DE WPDI \u00c0 LA R\u00c9ALISATION DES OBJECTIFS DE D\u00c9VELOPPEMENT DURABLE\u00a0 En 2015, les leaders du monde se sont r\u00e9unis et ont affirm\u00e9 leur attachement commun \u00e0 la r\u00e9alisation de 17 Objectifs de d\u00e9veloppement durable (ODD), qui n\u00e9cessite de prendre des mesures ambitieuses sur une \u00e9chelle mondiale allant de l\u2019\u00e9radication de la pauvret\u00e9 \u00e0&#8230; <a class=\"view-article\" href=\"https:\/\/www.wpdi.org\/fr\/a-propos\/odd\/\">View Article<\/a>","protected":false},"author":1,"featured_media":0,"parent":6199,"menu_order":0,"comment_status":"closed","ping_status":"closed","template":"","meta":{"_acf_changed":false,"footnotes":""},"class_list":["post-6203","page","type-page","status-publish","hentry"],"acf":[],"yoast_head":"<!-- This site is optimized with the Yoast SEO plugin v25.9 - https:\/\/yoast.com\/wordpress\/plugins\/seo\/ -->\n<title>LES OBJECTIFS DE D\u00c9VELOPPEMENT DURABLE - WPDI<\/title>\n<meta name=\"robots\" content=\"index, follow, max-snippet:-1, max-image-preview:large, max-video-preview:-1\" \/>\n<link rel=\"canonical\" href=\"https:\/\/www.wpdi.org\/fr\/a-propos\/odd\/\" \/>\n<meta property=\"og:locale\" content=\"fr_FR\" \/>\n<meta property=\"og:type\" content=\"article\" \/>\n<meta property=\"og:title\" content=\"LES OBJECTIFS DE D\u00c9VELOPPEMENT DURABLE - WPDI\" \/>\n<meta property=\"og:description\" content=\"LE SOUTIEN DE WPDI \u00c0 LA R\u00c9ALISATION DES OBJECTIFS DE D\u00c9VELOPPEMENT DURABLE\u00a0 En 2015, les leaders du monde se sont r\u00e9unis et ont affirm\u00e9 leur attachement commun \u00e0 la r\u00e9alisation de 17 Objectifs de d\u00e9veloppement durable (ODD), qui n\u00e9cessite de prendre des mesures ambitieuses sur une \u00e9chelle mondiale allant de l\u2019\u00e9radication de la pauvret\u00e9 \u00e0... View Article\" \/>\n<meta property=\"og:url\" content=\"https:\/\/www.wpdi.org\/fr\/a-propos\/odd\/\" \/>\n<meta property=\"og:site_name\" content=\"WPDI\" \/>\n<meta property=\"article:modified_time\" content=\"2023-05-11T01:23:28+00:00\" \/>\n<meta property=\"og:image\" content=\"http:\/\/www.wpdi.org\/app\/uploads\/Photo-09-02-2017-12-43-31-1-750x563.jpg\" \/>\n<meta name=\"twitter:card\" content=\"summary_large_image\" \/>\n<meta name=\"twitter:label1\" content=\"Est. reading time\" \/>\n\t<meta name=\"twitter:data1\" content=\"1 minute\" \/>\n<script type=\"application\/ld+json\" class=\"yoast-schema-graph\">{\"@context\":\"https:\/\/schema.org\",\"@graph\":[{\"@type\":\"WebPage\",\"@id\":\"https:\/\/www.wpdi.org\/fr\/a-propos\/odd\/\",\"url\":\"https:\/\/www.wpdi.org\/fr\/a-propos\/odd\/\",\"name\":\"LES OBJECTIFS DE D\u00c9VELOPPEMENT DURABLE - WPDI\",\"isPartOf\":{\"@id\":\"https:\/\/www.wpdi.org\/#website\"},\"primaryImageOfPage\":{\"@id\":\"https:\/\/www.wpdi.org\/fr\/a-propos\/odd\/#primaryimage\"},\"image\":{\"@id\":\"https:\/\/www.wpdi.org\/fr\/a-propos\/odd\/#primaryimage\"},\"thumbnailUrl\":\"http:\/\/www.wpdi.org\/app\/uploads\/Photo-09-02-2017-12-43-31-1-750x563.jpg\",\"datePublished\":\"2019-03-14T07:33:58+00:00\",\"dateModified\":\"2023-05-11T01:23:28+00:00\",\"breadcrumb\":{\"@id\":\"https:\/\/www.wpdi.org\/fr\/a-propos\/odd\/#breadcrumb\"},\"inLanguage\":\"fr-FR\",\"potentialAction\":[{\"@type\":\"ReadAction\",\"target\":[\"https:\/\/www.wpdi.org\/fr\/a-propos\/odd\/\"]}]},{\"@type\":\"ImageObject\",\"inLanguage\":\"fr-FR\",\"@id\":\"https:\/\/www.wpdi.org\/fr\/a-propos\/odd\/#primaryimage\",\"url\":\"http:\/\/www.wpdi.org\/app\/uploads\/Photo-09-02-2017-12-43-31-1-750x563.jpg\",\"contentUrl\":\"http:\/\/www.wpdi.org\/app\/uploads\/Photo-09-02-2017-12-43-31-1-750x563.jpg\"},{\"@type\":\"BreadcrumbList\",\"@id\":\"https:\/\/www.wpdi.org\/fr\/a-propos\/odd\/#breadcrumb\",\"itemListElement\":[{\"@type\":\"ListItem\",\"position\":1,\"name\":\"Accueil\",\"item\":\"https:\/\/www.wpdi.org\/fr\/\"},{\"@type\":\"ListItem\",\"position\":2,\"name\":\"\u00c0 propos\",\"item\":\"https:\/\/www.wpdi.org\/fr\/a-propos\/\"},{\"@type\":\"ListItem\",\"position\":3,\"name\":\"LES OBJECTIFS DE D\u00c9VELOPPEMENT DURABLE\"}]},{\"@type\":\"WebSite\",\"@id\":\"https:\/\/www.wpdi.org\/#website\",\"url\":\"https:\/\/www.wpdi.org\/\",\"name\":\"WPDI\",\"description\":\"\",\"potentialAction\":[{\"@type\":\"SearchAction\",\"target\":{\"@type\":\"EntryPoint\",\"urlTemplate\":\"https:\/\/www.wpdi.org\/?s={search_term_string}\"},\"query-input\":{\"@type\":\"PropertyValueSpecification\",\"valueRequired\":true,\"valueName\":\"search_term_string\"}}],\"inLanguage\":\"fr-FR\"}]}<\/script>\n<!-- \/ Yoast SEO plugin. -->","yoast_head_json":{"title":"LES OBJECTIFS DE D\u00c9VELOPPEMENT DURABLE - WPDI","robots":{"index":"index","follow":"follow","max-snippet":"max-snippet:-1","max-image-preview":"max-image-preview:large","max-video-preview":"max-video-preview:-1"},"canonical":"https:\/\/www.wpdi.org\/fr\/a-propos\/odd\/","og_locale":"fr_FR","og_type":"article","og_title":"LES OBJECTIFS DE D\u00c9VELOPPEMENT DURABLE - WPDI","og_description":"LE SOUTIEN DE WPDI \u00c0 LA R\u00c9ALISATION DES OBJECTIFS DE D\u00c9VELOPPEMENT DURABLE\u00a0 En 2015, les leaders du monde se sont r\u00e9unis et ont affirm\u00e9 leur attachement commun \u00e0 la r\u00e9alisation de 17 Objectifs de d\u00e9veloppement durable (ODD), qui n\u00e9cessite de prendre des mesures ambitieuses sur une \u00e9chelle mondiale allant de l\u2019\u00e9radication de la pauvret\u00e9 \u00e0... View Article","og_url":"https:\/\/www.wpdi.org\/fr\/a-propos\/odd\/","og_site_name":"WPDI","article_modified_time":"2023-05-11T01:23:28+00:00","og_image":[{"url":"http:\/\/www.wpdi.org\/app\/uploads\/Photo-09-02-2017-12-43-31-1-750x563.jpg","type":"","width":"","height":""}],"twitter_card":"summary_large_image","twitter_misc":{"Est. reading time":"1 minute"},"schema":{"@context":"https:\/\/schema.org","@graph":[{"@type":"WebPage","@id":"https:\/\/www.wpdi.org\/fr\/a-propos\/odd\/","url":"https:\/\/www.wpdi.org\/fr\/a-propos\/odd\/","name":"LES OBJECTIFS DE D\u00c9VELOPPEMENT DURABLE - WPDI","isPartOf":{"@id":"https:\/\/www.wpdi.org\/#website"},"primaryImageOfPage":{"@id":"https:\/\/www.wpdi.org\/fr\/a-propos\/odd\/#primaryimage"},"image":{"@id":"https:\/\/www.wpdi.org\/fr\/a-propos\/odd\/#primaryimage"},"thumbnailUrl":"http:\/\/www.wpdi.org\/app\/uploads\/Photo-09-02-2017-12-43-31-1-750x563.jpg","datePublished":"2019-03-14T07:33:58+00:00","dateModified":"2023-05-11T01:23:28+00:00","breadcrumb":{"@id":"https:\/\/www.wpdi.org\/fr\/a-propos\/odd\/#breadcrumb"},"inLanguage":"fr-FR","potentialAction":[{"@type":"ReadAction","target":["https:\/\/www.wpdi.org\/fr\/a-propos\/odd\/"]}]},{"@type":"ImageObject","inLanguage":"fr-FR","@id":"https:\/\/www.wpdi.org\/fr\/a-propos\/odd\/#primaryimage","url":"http:\/\/www.wpdi.org\/app\/uploads\/Photo-09-02-2017-12-43-31-1-750x563.jpg","contentUrl":"http:\/\/www.wpdi.org\/app\/uploads\/Photo-09-02-2017-12-43-31-1-750x563.jpg"},{"@type":"BreadcrumbList","@id":"https:\/\/www.wpdi.org\/fr\/a-propos\/odd\/#breadcrumb","itemListElement":[{"@type":"ListItem","position":1,"name":"Accueil","item":"https:\/\/www.wpdi.org\/fr\/"},{"@type":"ListItem","position":2,"name":"\u00c0 propos","item":"https:\/\/www.wpdi.org\/fr\/a-propos\/"},{"@type":"ListItem","position":3,"name":"LES OBJECTIFS DE D\u00c9VELOPPEMENT DURABLE"}]},{"@type":"WebSite","@id":"https:\/\/www.wpdi.org\/#website","url":"https:\/\/www.wpdi.org\/","name":"WPDI","description":"","potentialAction":[{"@type":"SearchAction","target":{"@type":"EntryPoint","urlTemplate":"https:\/\/www.wpdi.org\/?s={search_term_string}"},"query-input":{"@type":"PropertyValueSpecification","valueRequired":true,"valueName":"search_term_string"}}],"inLanguage":"fr-FR"}]}},"_links":{"self":[{"href":"https:\/\/www.wpdi.org\/fr\/wp-json\/wp\/v2\/pages\/6203","targetHints":{"allow":["GET"]}}],"collection":[{"href":"https:\/\/www.wpdi.org\/fr\/wp-json\/wp\/v2\/pages"}],"about":[{"href":"https:\/\/www.wpdi.org\/fr\/wp-json\/wp\/v2\/types\/page"}],"author":[{"embeddable":true,"href":"https:\/\/www.wpdi.org\/fr\/wp-json\/wp\/v2\/users\/1"}],"replies":[{"embeddable":true,"href":"https:\/\/www.wpdi.org\/fr\/wp-json\/wp\/v2\/comments?post=6203"}],"version-history":[{"count":2,"href":"https:\/\/www.wpdi.org\/fr\/wp-json\/wp\/v2\/pages\/6203\/revisions"}],"predecessor-version":[{"id":7750,"href":"https:\/\/www.wpdi.org\/fr\/wp-json\/wp\/v2\/pages\/6203\/revisions\/7750"}],"up":[{"embeddable":true,"href":"https:\/\/www.wpdi.org\/fr\/wp-json\/wp\/v2\/pages\/6199"}],"wp:attachment":[{"href":"https:\/\/www.wpdi.org\/fr\/wp-json\/wp\/v2\/media?parent=6203"}],"curies":[{"name":"wp","href":"https:\/\/api.w.org\/{rel}","templated":true}]}}