{"id":6207,"date":"2019-02-07T23:41:56","date_gmt":"2019-02-07T22:41:56","guid":{"rendered":"https:\/\/www.wpdi.org\/countries-of-action\/"},"modified":"2023-05-11T04:30:22","modified_gmt":"2023-05-11T02:30:22","slug":"pays-daction","status":"publish","type":"page","link":"https:\/\/www.wpdi.org\/fr\/pays-daction\/","title":{"rendered":"Nos pays d&rsquo;action"},"content":{"rendered":"<h2><strong>CONSTRUIRE LA PAIX DANS LE MONDE<\/strong><\/h2>\n<div id=\"TheTexte\" class=\"Texte\" lang=\"zxx\">\n<p>Chaque pays affronte son lot de d\u00e9fis. N\u00e9anmoins, <strong>la tol\u00e9rance, la compassion, les droits humains et le respect<\/strong> sont des valeurs universelles qui peuvent s\u2019enraciner dans n\u2019importe quelle communaut\u00e9, surtout lorsque leurs membres se sentent valoris\u00e9s et respect\u00e9s. WPDI oeuvre pour et avec des jeunes du monde entier pour parvenir \u00e0 ce r\u00e9sultat.<\/p>\n<\/div>\n","protected":false},"excerpt":{"rendered":"CONSTRUIRE LA PAIX DANS LE MONDE Chaque pays affronte son lot de d\u00e9fis. N\u00e9anmoins, la tol\u00e9rance, la compassion, les droits humains et le respect sont des valeurs universelles qui peuvent s\u2019enraciner dans n\u2019importe quelle communaut\u00e9, surtout lorsque leurs membres se sentent valoris\u00e9s et respect\u00e9s. WPDI oeuvre pour et avec des jeunes du monde entier pour&#8230; <a class=\"view-article\" href=\"https:\/\/www.wpdi.org\/fr\/pays-daction\/\">View Article<\/a>","protected":false},"author":1,"featured_media":0,"parent":0,"menu_order":0,"comment_status":"closed","ping_status":"closed","template":"templates\/countries.php","meta":{"_acf_changed":false,"footnotes":""},"class_list":["post-6207","page","type-page","status-publish","hentry"],"acf":[],"yoast_head":"<!-- This site is optimized with the Yoast SEO plugin v25.9 - https:\/\/yoast.com\/wordpress\/plugins\/seo\/ -->\n<title>Nos pays d&#039;action - WPDI<\/title>\n<meta name=\"robots\" content=\"index, follow, max-snippet:-1, max-image-preview:large, max-video-preview:-1\" \/>\n<link rel=\"canonical\" href=\"https:\/\/www.wpdi.org\/fr\/pays-daction\/\" \/>\n<meta property=\"og:locale\" content=\"fr_FR\" \/>\n<meta property=\"og:type\" content=\"article\" \/>\n<meta property=\"og:title\" content=\"Nos pays d&#039;action - WPDI\" \/>\n<meta property=\"og:description\" content=\"CONSTRUIRE LA PAIX DANS LE MONDE Chaque pays affronte son lot de d\u00e9fis. N\u00e9anmoins, la tol\u00e9rance, la compassion, les droits humains et le respect sont des valeurs universelles qui peuvent s\u2019enraciner dans n\u2019importe quelle communaut\u00e9, surtout lorsque leurs membres se sentent valoris\u00e9s et respect\u00e9s. WPDI oeuvre pour et avec des jeunes du monde entier pour... View Article\" \/>\n<meta property=\"og:url\" content=\"https:\/\/www.wpdi.org\/fr\/pays-daction\/\" \/>\n<meta property=\"og:site_name\" content=\"WPDI\" \/>\n<meta property=\"article:modified_time\" content=\"2023-05-11T02:30:22+00:00\" \/>\n<meta name=\"twitter:card\" content=\"summary_large_image\" \/>\n<script type=\"application\/ld+json\" class=\"yoast-schema-graph\">{\"@context\":\"https:\/\/schema.org\",\"@graph\":[{\"@type\":\"WebPage\",\"@id\":\"https:\/\/www.wpdi.org\/fr\/pays-daction\/\",\"url\":\"https:\/\/www.wpdi.org\/fr\/pays-daction\/\",\"name\":\"Nos pays d'action - WPDI\",\"isPartOf\":{\"@id\":\"https:\/\/www.wpdi.org\/#website\"},\"datePublished\":\"2019-02-07T22:41:56+00:00\",\"dateModified\":\"2023-05-11T02:30:22+00:00\",\"breadcrumb\":{\"@id\":\"https:\/\/www.wpdi.org\/fr\/pays-daction\/#breadcrumb\"},\"inLanguage\":\"fr-FR\",\"potentialAction\":[{\"@type\":\"ReadAction\",\"target\":[\"https:\/\/www.wpdi.org\/fr\/pays-daction\/\"]}]},{\"@type\":\"BreadcrumbList\",\"@id\":\"https:\/\/www.wpdi.org\/fr\/pays-daction\/#breadcrumb\",\"itemListElement\":[{\"@type\":\"ListItem\",\"position\":1,\"name\":\"Accueil\",\"item\":\"https:\/\/www.wpdi.org\/fr\/\"},{\"@type\":\"ListItem\",\"position\":2,\"name\":\"Nos pays d&rsquo;action\"}]},{\"@type\":\"WebSite\",\"@id\":\"https:\/\/www.wpdi.org\/#website\",\"url\":\"https:\/\/www.wpdi.org\/\",\"name\":\"WPDI\",\"description\":\"\",\"potentialAction\":[{\"@type\":\"SearchAction\",\"target\":{\"@type\":\"EntryPoint\",\"urlTemplate\":\"https:\/\/www.wpdi.org\/?s={search_term_string}\"},\"query-input\":{\"@type\":\"PropertyValueSpecification\",\"valueRequired\":true,\"valueName\":\"search_term_string\"}}],\"inLanguage\":\"fr-FR\"}]}<\/script>\n<!-- \/ Yoast SEO plugin. -->","yoast_head_json":{"title":"Nos pays d'action - WPDI","robots":{"index":"index","follow":"follow","max-snippet":"max-snippet:-1","max-image-preview":"max-image-preview:large","max-video-preview":"max-video-preview:-1"},"canonical":"https:\/\/www.wpdi.org\/fr\/pays-daction\/","og_locale":"fr_FR","og_type":"article","og_title":"Nos pays d'action - WPDI","og_description":"CONSTRUIRE LA PAIX DANS LE MONDE Chaque pays affronte son lot de d\u00e9fis. N\u00e9anmoins, la tol\u00e9rance, la compassion, les droits humains et le respect sont des valeurs universelles qui peuvent s\u2019enraciner dans n\u2019importe quelle communaut\u00e9, surtout lorsque leurs membres se sentent valoris\u00e9s et respect\u00e9s. WPDI oeuvre pour et avec des jeunes du monde entier pour... View Article","og_url":"https:\/\/www.wpdi.org\/fr\/pays-daction\/","og_site_name":"WPDI","article_modified_time":"2023-05-11T02:30:22+00:00","twitter_card":"summary_large_image","schema":{"@context":"https:\/\/schema.org","@graph":[{"@type":"WebPage","@id":"https:\/\/www.wpdi.org\/fr\/pays-daction\/","url":"https:\/\/www.wpdi.org\/fr\/pays-daction\/","name":"Nos pays d'action - WPDI","isPartOf":{"@id":"https:\/\/www.wpdi.org\/#website"},"datePublished":"2019-02-07T22:41:56+00:00","dateModified":"2023-05-11T02:30:22+00:00","breadcrumb":{"@id":"https:\/\/www.wpdi.org\/fr\/pays-daction\/#breadcrumb"},"inLanguage":"fr-FR","potentialAction":[{"@type":"ReadAction","target":["https:\/\/www.wpdi.org\/fr\/pays-daction\/"]}]},{"@type":"BreadcrumbList","@id":"https:\/\/www.wpdi.org\/fr\/pays-daction\/#breadcrumb","itemListElement":[{"@type":"ListItem","position":1,"name":"Accueil","item":"https:\/\/www.wpdi.org\/fr\/"},{"@type":"ListItem","position":2,"name":"Nos pays d&rsquo;action"}]},{"@type":"WebSite","@id":"https:\/\/www.wpdi.org\/#website","url":"https:\/\/www.wpdi.org\/","name":"WPDI","description":"","potentialAction":[{"@type":"SearchAction","target":{"@type":"EntryPoint","urlTemplate":"https:\/\/www.wpdi.org\/?s={search_term_string}"},"query-input":{"@type":"PropertyValueSpecification","valueRequired":true,"valueName":"search_term_string"}}],"inLanguage":"fr-FR"}]}},"_links":{"self":[{"href":"https:\/\/www.wpdi.org\/fr\/wp-json\/wp\/v2\/pages\/6207","targetHints":{"allow":["GET"]}}],"collection":[{"href":"https:\/\/www.wpdi.org\/fr\/wp-json\/wp\/v2\/pages"}],"about":[{"href":"https:\/\/www.wpdi.org\/fr\/wp-json\/wp\/v2\/types\/page"}],"author":[{"embeddable":true,"href":"https:\/\/www.wpdi.org\/fr\/wp-json\/wp\/v2\/users\/1"}],"replies":[{"embeddable":true,"href":"https:\/\/www.wpdi.org\/fr\/wp-json\/wp\/v2\/comments?post=6207"}],"version-history":[{"count":4,"href":"https:\/\/www.wpdi.org\/fr\/wp-json\/wp\/v2\/pages\/6207\/revisions"}],"predecessor-version":[{"id":7784,"href":"https:\/\/www.wpdi.org\/fr\/wp-json\/wp\/v2\/pages\/6207\/revisions\/7784"}],"wp:attachment":[{"href":"https:\/\/www.wpdi.org\/fr\/wp-json\/wp\/v2\/media?parent=6207"}],"curies":[{"name":"wp","href":"https:\/\/api.w.org\/{rel}","templated":true}]}}