{"id":6564,"date":"2022-01-19T11:18:07","date_gmt":"2022-01-19T10:18:07","guid":{"rendered":"https:\/\/www.wpdi.org\/offre-demploi-chef-projet-seine-saint-denis\/"},"modified":"2022-01-19T11:18:07","modified_gmt":"2022-01-19T10:18:07","slug":"offre-demploi-chef-projet-seine-saint-denis","status":"publish","type":"page","link":"https:\/\/www.wpdi.org\/fr\/offre-demploi-chef-projet-seine-saint-denis\/","title":{"rendered":"Offre d&#8217;emploi Chef.fe Projet Seine-Saint-Denis"},"content":{"rendered":"<ul>\n<li><strong>Titre de l\u2019emploi:<\/strong> Chef\/fe de Projet Jeunes Leaders pour la Paix en Seine-Saint-Denis<\/li>\n<li><strong>Organisation:<\/strong> Whitaker Peace &amp; Development Initiative<\/li>\n<li><strong>Type de Contrat:<\/strong> Contrat de consultant pour une mission de 6 mois avec perspective de prolongation sur un CDI<\/li>\n<li><strong>Lieu: <\/strong>Aubervilliers (m\u00e9tro Aubervilliers-Pantin Quatre Chemins)<\/li>\n<\/ul>\n<p><b>Contexte\u00a0:<\/b><\/p>\n<p><span style=\"font-weight: 400;\">La Whitaker Peace &amp; Development Initiative (WPDI) est \u00e0 la recherche d\u2019un\/e Chef\/fe de Projet pour lancer et d\u00e9velopper ses activit\u00e9s en Seine-Saint-Denis. WPDI a \u00e9t\u00e9 fond\u00e9e en 2012 par l\u2019artiste et activiste social Forest Whitaker, qui est l\u2019Envoy\u00e9 sp\u00e9cial de l\u2019UNESCO pour la paix et la r\u00e9conciliation ainsi que membre du Groupe de plaidoyer des Nations Unies pour les Objectifs de D\u00e9veloppement Durable (ODD). WPDI est une organisation non gouvernementale qui d\u00e9ploie des programmes favorisant la paix et le d\u00e9veloppement durables dans des pays aussi divers que le Cameroun, le Tchad, le Gabon, le Mexique, l&rsquo;Afrique du Sud, le Soudan du Sud, l&rsquo;Ouganda et les \u00c9tats-Unis, tous pays o\u00f9 l\u2019on trouve, malgr\u00e9 leurs disparit\u00e9s, des populations souffrant de l\u2019exclusion, la pauvret\u00e9 et la violence, notamment au sein de la jeunesse. La r\u00e9solution pacifique des conflits et l\u2019entrepreneuriat sont au c\u0153ur de notre strat\u00e9gie, dont les grands axes sont la promotion des jeunes et des femmes comme vecteurs d\u2019innovation sociale b\u00e9n\u00e9ficiant \u00e0 tous, l\u2019autonomie et la responsabilit\u00e9 (\u00ab empowerment \u00bb) des individus comme condition de l\u2019inclusion et de l\u2019\u00e9galit\u00e9 des chances, ainsi que l\u2019\u00e9ducation et l\u2019apprentissage comme facteurs de r\u00e9silience. A cet effet, nous fournissons aux jeunes et aux femmes participants \u00e0 nos programmes des ressources leur permettant de devenir des leaders, des artisans de la paix, des formateurs, et des entrepreneurs au service du bien commun.<\/span><\/p>\n<p><span style=\"font-weight: 400;\">Notre pr\u00e9sence sur le terrain ainsi que notre travail en \u00e9troite collaboration avec des partenaires internationaux et locaux nous a permis de soutenir, directement et indirectement, plus de <\/span><b>800 000 personnes au cours des cinq derni\u00e8res ann\u00e9es et plus de 1,3\u00a0million de personnes depuis notre fondation en 2012. <\/b><span style=\"font-weight: 400;\">Sur la base de cette exp\u00e9rience,<\/span><b> WPDI entreprend de lancer un programme en Seine-Saint-Denis qui reprendrait en les adaptant au contexte du d\u00e9partement les grandes lignes de notre programme phare, les Jeunes Leaders pour la Paix<\/b><span style=\"font-weight: 400;\">, qui couvre notamment\u00a0:<\/span><\/p>\n<ul>\n<li style=\"font-weight: 400;\" aria-level=\"1\"><span style=\"font-weight: 400;\">Des Centres d\u2019apprentissage permettant aux populations locales d\u2019acc\u00e9der \u00e0 des outils informatiques, des services de documentation, des formations dans les domaines de la r\u00e9solution des conflits et des droits humains, l\u2019entrepreneuriat, les technologies de l\u2019information, ainsi que des ateliers de sensibilisation aux traumatismes, \u00e0 la sant\u00e9 sexuelle et reproductive, etc.<\/span><\/li>\n<li style=\"font-weight: 400;\" aria-level=\"1\"><span style=\"font-weight: 400;\">La formation et l\u2019accompagnement de jeunes leaders \u0153uvrant dans leurs territoires pour r\u00e9duire tensions et conflits, \u00e9duquer des enfants et des jeunes \u00e0 la r\u00e9solution des conflits, sensibiliser les populations locales aux valeurs du dialogue et de la tol\u00e9rance, et entreprendre des activit\u00e9s g\u00e9n\u00e9ratrices de revenu.<\/span><\/li>\n<li style=\"font-weight: 400;\" aria-level=\"1\"><span style=\"font-weight: 400;\">La formation d\u2019\u00e9l\u00e8ves et d\u2019\u00e9tudiants \u00e0 des techniques de r\u00e9solution des conflits qu\u2019ils puissent mettre en \u0153uvre dans leurs \u00e9tablissements scolaires et universitaires.<\/span><\/li>\n<li style=\"font-weight: 400;\" aria-level=\"1\"><span style=\"font-weight: 400;\">Un programme d\u2019entrepreneuriat comprenant des formations pratiques, des concours de business plans et l\u2019incubation de petites entreprises, de coop\u00e9ratives et autres entreprises \u00e0 vocation sociale.<\/span><\/li>\n<li style=\"font-weight: 400;\" aria-level=\"1\"><span style=\"font-weight: 400;\">La formation de jeunes d\u00e9tenus \u00e0 la r\u00e9solution des conflits et \u00e0 l\u2019entrepreneuriat en vue de faciliter leur r\u00e9insertion.<\/span><\/li>\n<\/ul>\n<p><span style=\"font-weight: 400;\">Vous trouverez plus d\u2019information sur notre approche et nos programmes en consultant notre site internet\u00a0: wpdi.org (en anglais)<\/span><\/p>\n<p><b>Position dans l\u2019\u00e9quipe:<\/b><\/p>\n<p><span style=\"font-weight: 400;\">Le\/La Chef\/fe de Projet Jeunes Leaders pour la Paix en Seine-Saint-Denis agit par d\u00e9l\u00e9gation de la Directrice Ex\u00e9cutive de WPDI. Elle\/Il rel\u00e8ve de la supervision de la Directrice ex\u00e9cutive et de l\u2019autorit\u00e9 du Pr\u00e9sident Fondateur.<\/span><\/p>\n<p><b>Responsabilit\u00e9s principales du Chef de Projet:<\/b><\/p>\n<p><span style=\"font-weight: 400;\">Le\/La Chef\/fe de Projet Jeunes Leaders est responsable de la gestion et de la coordination en Seine-Saint-Denis des activit\u00e9s de WPDI, qu\u2019il\/elle y repr\u00e9sentera. Sa mission initiale sera d\u2019accompagner le lancement et le d\u00e9veloppement du programme des Jeunes Leaders pour la Paix en Seine-Saint-Denis, y compris le recrutement du personnel, l\u2019\u00e9tablissement d\u2019un Centre d\u2019apprentissage et la mise en place des premiers programmes. Il\/Elle est responsable du d\u00e9veloppement et de la gestion des programmes, de la communication, des partenariats, ainsi que du budget et des rapports. Le\/la Chef\/fe de Projet joue un r\u00f4le cl\u00e9 dans la d\u00e9finition et la mise en \u0153uvre de la strat\u00e9gie de partenariat de WPDI en Seine-Saint-Denis, y compris les donateurs, les institutions publiques locales et nationales et le tissu associatif local.\u00a0<\/span><\/p>\n<p><b>Activit\u00e9s principales:<\/b><\/p>\n<ul>\n<li style=\"font-weight: 400;\" aria-level=\"1\"><span style=\"font-weight: 400;\">Pr\u00e9paration d\u2019une \u00e9tude visant \u00e0 adapter le mod\u00e8le de WPDI aux sp\u00e9cificit\u00e9s du contexte s\u00e9quanodionysien et \u00e0 lister les principaux acteurs susceptibles d\u2019\u00eatre int\u00e9ress\u00e9s \u00e0 l\u2019action de WPDI dans le D\u00e9partement.<\/span><\/li>\n<li style=\"font-weight: 400;\" aria-level=\"1\"><span style=\"font-weight: 400;\">Etablir et superviser le bureau et le centre d\u2019apprentissage de WPDI en Seine-Saint-Denis.<\/span><\/li>\n<li style=\"font-weight: 400;\" aria-level=\"1\"><span style=\"font-weight: 400;\">Recrutement et supervision de l\u2019\u00e9quipe initiale de WPDI en Seine-Saint-Denis, notamment en vue des programmes de r\u00e9solution des conflits et d\u2019entreprenariat.<\/span><\/li>\n<li style=\"font-weight: 400;\" aria-level=\"1\"><span style=\"font-weight: 400;\">Contextualiser le mod\u00e8le d\u2019intervention de WPDI aux r\u00e9alit\u00e9s de la Seine-Saint-Denis et, en particulier, superviser l\u2019adaptation de nos curricula en vue de leur impl\u00e9mentation dans le D\u00e9partement.<\/span><\/li>\n<li style=\"font-weight: 400;\" aria-level=\"1\"><span style=\"font-weight: 400;\">D\u00e9velopper, lancer et g\u00e9rer les programmes de WPDI en Seine-Saint-Denis, y compris la planification, la budg\u00e9tisation, l&rsquo;ex\u00e9cution et les rapports.<\/span><\/li>\n<li style=\"font-weight: 400;\" aria-level=\"1\"><span style=\"font-weight: 400;\">G\u00e9rer la strat\u00e9gie de partenariats de WPDI en Seine-Saint-Denis, y compris la mobilisation de ressources et les relations avec les partenaires institutionnels (y compris au niveau des communes et des \u00e9tablissements scolaires) et associatifs ainsi que les acteurs du secteur priv\u00e9.<\/span><\/li>\n<li style=\"font-weight: 400;\" aria-level=\"1\"><span style=\"font-weight: 400;\">Entretenir une coop\u00e9ration \u00e9troite avec le si\u00e8ge de WPDI \u00e0 Paris.<\/span><\/li>\n<\/ul>\n<p><b>Profil:<\/b><\/p>\n<p><span style=\"font-weight: 400;\">Outre son dynamisme, son leadership et sa polyvalence, le\/la Chef\/fe de Projet Jeunes Leaders dispose des atouts suivants<\/span><\/p>\n<ul>\n<li style=\"font-weight: 400;\" aria-level=\"1\"><span style=\"font-weight: 400;\">Exp\u00e9rience professionnelle de 4 \u00e0 8 ans minimum dans des fonctions de coordination ou de conduite de projets dans les domaines de comp\u00e9tence de WPDI, y compris la promotion de la jeunesse, la promotion des femmes, la r\u00e9solution des conflits, la m\u00e9diation, l\u2019entrepreneuriat, l\u2019\u00e9conomie sociale et solidaire, etc.<\/span><\/li>\n<li style=\"font-weight: 400;\" aria-level=\"1\"><span style=\"font-weight: 400;\">Comp\u00e9tences en gestion de budget, de personnel, de risques.\u00a0<\/span><\/li>\n<li style=\"font-weight: 400;\" aria-level=\"1\"><span style=\"font-weight: 400;\">Formation de niveau master (bac +5) de pr\u00e9f\u00e9rence dans l\u2019un des domaines de comp\u00e9tence de WPDI.<\/span><\/li>\n<li style=\"font-weight: 400;\" aria-level=\"1\"><span style=\"font-weight: 400;\">Ma\u00eetrise de la bureautique et int\u00e9r\u00eat pour les outils informatiques, en particulier collaboratifs (exp\u00e9rience des outils Microsoft ou Google Suite appr\u00e9ci\u00e9e).<\/span><\/li>\n<li style=\"font-weight: 400;\" aria-level=\"1\"><span style=\"font-weight: 400;\">Qualit\u00e9s relationnelles et une capacit\u00e9 de travail avec des publics vari\u00e9s\u00a0: publics cibles de WPDI, notamment au sein la jeunesse, acteurs institutionnels et associatifs, secteur priv\u00e9.<\/span><\/li>\n<li style=\"font-weight: 400;\" aria-level=\"1\"><span style=\"font-weight: 400;\">Capacit\u00e9 \u00e0 travailler en partenariat \u00e0 repr\u00e9senter une organisation aupr\u00e8s des institutions publiques, des associations et des entreprises.<\/span><\/li>\n<li style=\"font-weight: 400;\" aria-level=\"1\"><span style=\"font-weight: 400;\">Qualit\u00e9s de communication \u00e9crite et orale ainsi qu\u2019un esprit de synth\u00e8se.<\/span><\/li>\n<\/ul>\n<p><span style=\"font-weight: 400;\">Il sera \u00e9galement appr\u00e9ci\u00e9 que le\/la Chef\/fe de Projet Jeunes Leaders puisse disposer de:<\/span><\/p>\n<ul>\n<li style=\"font-weight: 400;\" aria-level=\"1\"><span style=\"font-weight: 400;\">Une bonne connaissance du secteur associatif et des acteurs institutionnels de la Seine-Saint-Denis ou d\u2019un territoire pr\u00e9sentant des caract\u00e9ristiques similaires.<\/span><\/li>\n<li style=\"font-weight: 400;\" aria-level=\"1\"><span style=\"font-weight: 400;\">Une ma\u00eetrise op\u00e9rationnelle de l\u2019anglais, qui lui permettra de s\u2019ins\u00e9rer ais\u00e9ment dans l\u2019environnement global de WPDI.<\/span><\/li>\n<\/ul>\n<p><b>Conditions:<\/b><\/p>\n<ul>\n<li style=\"font-weight: 400;\" aria-level=\"1\"><span style=\"font-weight: 400;\">Mission en t\u00e9l\u00e9travail jusqu\u2019\u00e0 \u00e9tablissement du Bureau et Centre d\u2019apprentissage \u00e0 Aubervilliers (93).<\/span><\/li>\n<li style=\"font-weight: 400;\" aria-level=\"1\"><span style=\"font-weight: 400;\">D\u00e9placements \u00e0 pr\u00e9voir dans le D\u00e9partement de la Seine-Saint-Denis et \u00e0 Paris.<\/span><\/li>\n<li style=\"font-weight: 400;\" aria-level=\"1\"><span style=\"font-weight: 400;\">Contrat de consultant pour une mission initiale de six mois avec perspective de prolongement.<\/span><\/li>\n<li style=\"font-weight: 400;\" aria-level=\"1\"><span style=\"font-weight: 400;\">Poste \u00e0 pourvoir d\u00e8s que possible.<\/span><\/li>\n<\/ul>\n<p><span style=\"font-weight: 400;\">Pour postuler, merci d\u2019envoyer votre CV et une lettre de motivation \u00e0 <\/span><a href=\"mailto:valentine@wpdi.org\"><span style=\"font-weight: 400;\">valentine@wpdi.org<\/span><\/a><span style=\"font-weight: 400;\"> avant le 24 mars 2022.<\/span><\/p>\n","protected":false},"excerpt":{"rendered":"Titre de l\u2019emploi: Chef\/fe de Projet Jeunes Leaders pour la Paix en Seine-Saint-Denis Organisation: Whitaker Peace &amp; Development Initiative Type de Contrat: Contrat de consultant pour une mission de 6 mois avec perspective de prolongation sur un CDI Lieu: Aubervilliers (m\u00e9tro Aubervilliers-Pantin Quatre Chemins) Contexte\u00a0: La Whitaker Peace &amp; Development Initiative (WPDI) est \u00e0 la&#8230; <a class=\"view-article\" href=\"https:\/\/www.wpdi.org\/fr\/offre-demploi-chef-projet-seine-saint-denis\/\">View Article<\/a>","protected":false},"author":19,"featured_media":0,"parent":0,"menu_order":0,"comment_status":"closed","ping_status":"closed","template":"","meta":{"_acf_changed":false,"footnotes":""},"class_list":["post-6564","page","type-page","status-publish","hentry"],"acf":[],"yoast_head":"<!-- This site is optimized with the Yoast SEO plugin v25.9 - https:\/\/yoast.com\/wordpress\/plugins\/seo\/ -->\n<title>Offre d&#039;emploi Chef.fe Projet Seine-Saint-Denis - WPDI<\/title>\n<meta name=\"robots\" content=\"index, follow, max-snippet:-1, max-image-preview:large, max-video-preview:-1\" \/>\n<link rel=\"canonical\" href=\"https:\/\/www.wpdi.org\/fr\/offre-demploi-chef-projet-seine-saint-denis\/\" \/>\n<meta property=\"og:locale\" content=\"fr_FR\" \/>\n<meta property=\"og:type\" content=\"article\" \/>\n<meta property=\"og:title\" content=\"Offre d&#039;emploi Chef.fe Projet Seine-Saint-Denis - WPDI\" \/>\n<meta property=\"og:description\" content=\"Titre de l\u2019emploi: Chef\/fe de Projet Jeunes Leaders pour la Paix en Seine-Saint-Denis Organisation: Whitaker Peace &amp; Development Initiative Type de Contrat: Contrat de consultant pour une mission de 6 mois avec perspective de prolongation sur un CDI Lieu: Aubervilliers (m\u00e9tro Aubervilliers-Pantin Quatre Chemins) Contexte\u00a0: La Whitaker Peace &amp; Development Initiative (WPDI) est \u00e0 la... View Article\" \/>\n<meta property=\"og:url\" content=\"https:\/\/www.wpdi.org\/fr\/offre-demploi-chef-projet-seine-saint-denis\/\" \/>\n<meta property=\"og:site_name\" content=\"WPDI\" \/>\n<meta property=\"og:image\" content=\"https:\/\/www.wpdi.org\/app\/uploads\/WPDI-Recrutement-Chef-de-projet-93.png\" \/>\n\t<meta property=\"og:image:width\" content=\"1200\" \/>\n\t<meta property=\"og:image:height\" content=\"630\" \/>\n\t<meta property=\"og:image:type\" content=\"image\/png\" \/>\n<meta name=\"twitter:card\" content=\"summary_large_image\" \/>\n<meta name=\"twitter:label1\" content=\"Est. reading time\" \/>\n\t<meta name=\"twitter:data1\" content=\"6 minutes\" \/>\n<script type=\"application\/ld+json\" class=\"yoast-schema-graph\">{\"@context\":\"https:\/\/schema.org\",\"@graph\":[{\"@type\":\"WebPage\",\"@id\":\"https:\/\/www.wpdi.org\/fr\/offre-demploi-chef-projet-seine-saint-denis\/\",\"url\":\"https:\/\/www.wpdi.org\/fr\/offre-demploi-chef-projet-seine-saint-denis\/\",\"name\":\"Offre d'emploi Chef.fe Projet Seine-Saint-Denis - WPDI\",\"isPartOf\":{\"@id\":\"https:\/\/www.wpdi.org\/#website\"},\"datePublished\":\"2022-01-19T10:18:07+00:00\",\"breadcrumb\":{\"@id\":\"https:\/\/www.wpdi.org\/fr\/offre-demploi-chef-projet-seine-saint-denis\/#breadcrumb\"},\"inLanguage\":\"fr-FR\",\"potentialAction\":[{\"@type\":\"ReadAction\",\"target\":[\"https:\/\/www.wpdi.org\/fr\/offre-demploi-chef-projet-seine-saint-denis\/\"]}]},{\"@type\":\"BreadcrumbList\",\"@id\":\"https:\/\/www.wpdi.org\/fr\/offre-demploi-chef-projet-seine-saint-denis\/#breadcrumb\",\"itemListElement\":[{\"@type\":\"ListItem\",\"position\":1,\"name\":\"Accueil\",\"item\":\"https:\/\/www.wpdi.org\/fr\/\"},{\"@type\":\"ListItem\",\"position\":2,\"name\":\"Offre d&#8217;emploi Chef.fe Projet Seine-Saint-Denis\"}]},{\"@type\":\"WebSite\",\"@id\":\"https:\/\/www.wpdi.org\/#website\",\"url\":\"https:\/\/www.wpdi.org\/\",\"name\":\"WPDI\",\"description\":\"\",\"potentialAction\":[{\"@type\":\"SearchAction\",\"target\":{\"@type\":\"EntryPoint\",\"urlTemplate\":\"https:\/\/www.wpdi.org\/?s={search_term_string}\"},\"query-input\":{\"@type\":\"PropertyValueSpecification\",\"valueRequired\":true,\"valueName\":\"search_term_string\"}}],\"inLanguage\":\"fr-FR\"}]}<\/script>\n<!-- \/ Yoast SEO plugin. -->","yoast_head_json":{"title":"Offre d'emploi Chef.fe Projet Seine-Saint-Denis - WPDI","robots":{"index":"index","follow":"follow","max-snippet":"max-snippet:-1","max-image-preview":"max-image-preview:large","max-video-preview":"max-video-preview:-1"},"canonical":"https:\/\/www.wpdi.org\/fr\/offre-demploi-chef-projet-seine-saint-denis\/","og_locale":"fr_FR","og_type":"article","og_title":"Offre d'emploi Chef.fe Projet Seine-Saint-Denis - WPDI","og_description":"Titre de l\u2019emploi: Chef\/fe de Projet Jeunes Leaders pour la Paix en Seine-Saint-Denis Organisation: Whitaker Peace &amp; Development Initiative Type de Contrat: Contrat de consultant pour une mission de 6 mois avec perspective de prolongation sur un CDI Lieu: Aubervilliers (m\u00e9tro Aubervilliers-Pantin Quatre Chemins) Contexte\u00a0: La Whitaker Peace &amp; Development Initiative (WPDI) est \u00e0 la... View Article","og_url":"https:\/\/www.wpdi.org\/fr\/offre-demploi-chef-projet-seine-saint-denis\/","og_site_name":"WPDI","og_image":[{"width":1200,"height":630,"url":"https:\/\/www.wpdi.org\/app\/uploads\/WPDI-Recrutement-Chef-de-projet-93.png","type":"image\/png"}],"twitter_card":"summary_large_image","twitter_misc":{"Est. reading time":"6 minutes"},"schema":{"@context":"https:\/\/schema.org","@graph":[{"@type":"WebPage","@id":"https:\/\/www.wpdi.org\/fr\/offre-demploi-chef-projet-seine-saint-denis\/","url":"https:\/\/www.wpdi.org\/fr\/offre-demploi-chef-projet-seine-saint-denis\/","name":"Offre d'emploi Chef.fe Projet Seine-Saint-Denis - WPDI","isPartOf":{"@id":"https:\/\/www.wpdi.org\/#website"},"datePublished":"2022-01-19T10:18:07+00:00","breadcrumb":{"@id":"https:\/\/www.wpdi.org\/fr\/offre-demploi-chef-projet-seine-saint-denis\/#breadcrumb"},"inLanguage":"fr-FR","potentialAction":[{"@type":"ReadAction","target":["https:\/\/www.wpdi.org\/fr\/offre-demploi-chef-projet-seine-saint-denis\/"]}]},{"@type":"BreadcrumbList","@id":"https:\/\/www.wpdi.org\/fr\/offre-demploi-chef-projet-seine-saint-denis\/#breadcrumb","itemListElement":[{"@type":"ListItem","position":1,"name":"Accueil","item":"https:\/\/www.wpdi.org\/fr\/"},{"@type":"ListItem","position":2,"name":"Offre d&#8217;emploi Chef.fe Projet Seine-Saint-Denis"}]},{"@type":"WebSite","@id":"https:\/\/www.wpdi.org\/#website","url":"https:\/\/www.wpdi.org\/","name":"WPDI","description":"","potentialAction":[{"@type":"SearchAction","target":{"@type":"EntryPoint","urlTemplate":"https:\/\/www.wpdi.org\/?s={search_term_string}"},"query-input":{"@type":"PropertyValueSpecification","valueRequired":true,"valueName":"search_term_string"}}],"inLanguage":"fr-FR"}]}},"_links":{"self":[{"href":"https:\/\/www.wpdi.org\/fr\/wp-json\/wp\/v2\/pages\/6564","targetHints":{"allow":["GET"]}}],"collection":[{"href":"https:\/\/www.wpdi.org\/fr\/wp-json\/wp\/v2\/pages"}],"about":[{"href":"https:\/\/www.wpdi.org\/fr\/wp-json\/wp\/v2\/types\/page"}],"author":[{"embeddable":true,"href":"https:\/\/www.wpdi.org\/fr\/wp-json\/wp\/v2\/users\/19"}],"replies":[{"embeddable":true,"href":"https:\/\/www.wpdi.org\/fr\/wp-json\/wp\/v2\/comments?post=6564"}],"version-history":[{"count":0,"href":"https:\/\/www.wpdi.org\/fr\/wp-json\/wp\/v2\/pages\/6564\/revisions"}],"wp:attachment":[{"href":"https:\/\/www.wpdi.org\/fr\/wp-json\/wp\/v2\/media?parent=6564"}],"curies":[{"name":"wp","href":"https:\/\/api.w.org\/{rel}","templated":true}]}}